{"id":11,"date":"2018-03-30T09:01:33","date_gmt":"2018-03-30T07:01:33","guid":{"rendered":"http:\/\/zwinnaanaliza.pl\/?page_id=11"},"modified":"2018-10-01T07:11:45","modified_gmt":"2018-10-01T05:11:45","slug":"polka-z-ksiazkami","status":"publish","type":"page","link":"http:\/\/zwinnaanaliza.pl\/?page_id=11","title":{"rendered":"P\u00f3\u0142ka z ksi\u0105\u017ckami"},"content":{"rendered":"<p><a href=\"http:\/\/zwinnaanaliza.pl\/wp-content\/uploads\/2018\/09\/books-1617327_1920-1.jpg\"><img loading=\"lazy\" class=\"alignnone wp-image-271 size-full\" src=\"http:\/\/zwinnaanaliza.pl\/wp-content\/uploads\/2018\/09\/books-1617327_1920-1.jpg\" alt=\"\" width=\"1920\" height=\"801\" srcset=\"http:\/\/zwinnaanaliza.pl\/wp-content\/uploads\/2018\/09\/books-1617327_1920-1.jpg 1920w, http:\/\/zwinnaanaliza.pl\/wp-content\/uploads\/2018\/09\/books-1617327_1920-1-300x125.jpg 300w, http:\/\/zwinnaanaliza.pl\/wp-content\/uploads\/2018\/09\/books-1617327_1920-1-768x320.jpg 768w, http:\/\/zwinnaanaliza.pl\/wp-content\/uploads\/2018\/09\/books-1617327_1920-1-1024x427.jpg 1024w\" sizes=\"(max-width: 1920px) 100vw, 1920px\" \/><\/a><\/p>\n<p>Poni\u017cej prezentuje wybrane pozycje dotycz\u0105ce scrum, in\u017cynierii wymaga\u0144, UML, BPMN, zarz\u0105dzania projektami i temat\u00f3w og\u00f3lnie zwi\u0105zanych z budowaniem zespo\u0142u. Na blogu sukcesywnie pojawia\u0107 si\u0119 b\u0119d\u0105 recenzje wybranych ksi\u0105\u017cek \ud83d\ude42<\/p>\n<p><span style=\"text-decoration: underline;\"><em>Ksi\u0105\u017cki o Scrum (<a href=\"http:\/\/zwinnaanaliza.pl\/?p=80\">zapraszam do wpisu z recenzj\u0105!)<\/a><\/em><\/span><\/p>\n<ul>\n<li>Scrum, o zwinnym zarz\u0105dzaniu projektami, M. Chrapko<\/li>\n<li>Scrum i nie tylko, teoria i praktyka w metodach Agile, K. Kaczor<\/li>\n<li>Tworzenie oprogramowania w 30 dni; K. Schaber, J. Sutherland<\/li>\n<li>Scrum, czyli jak robi\u0107 dwa razy wi\u0119cej dwa razy szybciej; J. Sutherland<\/li>\n<li>Zwinne projekty w klasycznej organizacji. Scrum, Kanban, XP; Wolf<\/li>\n<li>(!!!) Zarz\u0105dzanie projektami ze scrumem, R. Pichler<\/li>\n<li>(!!!) Scrum, praktyczny przewodnik po najpopularniejszej metodyce Agile, K. Rubin<\/li>\n<\/ul>\n<p>&nbsp;<\/p>\n<p><span style=\"text-decoration: underline;\"><em>Ksi\u0105\u017cki o analizie, in\u017cynierii wymaga\u0144<\/em><\/span><\/p>\n<ul>\n<li>BABOK (!!!)<\/li>\n<li>(!!!) Specyfikacja oprogramowania, in\u017cynieria wymaga\u0144, K. Wiegers, J. Beatty, Helion 2014<\/li>\n<li>In\u017cynieria wymaga\u0144 w praktyce, B. Chrabski, K. Zmitrowicz, PWN 2015<\/li>\n<li style=\"text-align: left;\">Zarz\u0105dzanie wymaganiami, Dean Leffingwell, WNT Warszawa 2003,<\/li>\n<li style=\"text-align: left;\">Analiza biznesowa, praktyczne modelowanie organizacji, J. \u017beli\u0144ski, Helion, Gliwice 2017<\/li>\n<li style=\"text-align: left;\">Oprogramowanie szyte na miar\u0119, M. Bartyzel, Helion, Gliwice 2012<\/li>\n<li>Analityk system\u00f3w, K. Zmitrowicz, PWN, Warszawa 2015<\/li>\n<li style=\"text-align: left;\">Warsztaty wymaga\u0144, E. Gottesdiener, MT&amp;DC, Warszawa 2008<\/li>\n<li style=\"text-align: left;\">Beyond bullet points, C. Atkinson, Helion, Gliwice 2012<\/li>\n<li style=\"text-align: left;\">Jak pisa\u0107 efektywne przypadki u\u017cycia, A. Cockburn, WNT, Warszawa 2004<\/li>\n<li style=\"text-align: left;\">RUP od strony teoretycznej, P. Kruchten, WNT Warszawa 2007<\/li>\n<li style=\"text-align: left;\">Informatyka ekonomiczna, red. S. Wrycza, PWE, Warszawa 2010<\/li>\n<\/ul>\n<p>&nbsp;<\/p>\n<p><em><span style=\"text-decoration: underline;\">UML, BPMN<\/span><\/em><\/p>\n<p><em>UML<\/em><\/p>\n<ul>\n<li>UML dla zwyk\u0142ych \u015bmiertelnik\u00f3w, R. Maksimchuk, E. Naiburg, PWN 2007<\/li>\n<li>UML 2.X, S. Wrycza, Helion 2012<\/li>\n<li>Modelowanie system\u00f3w informatycznych w j\u0119zyku UML 2.1., W.D\u0105browski, A. Stasiak, M. Wolski, PWN 2007<\/li>\n<li>UML Najcz\u0119\u015bciej stosowana notacja j\u0119zyka UML, M. Wolski, Modesto, Warszawa 2009<\/li>\n<li>Zrozumie\u0107 UML 2.0., M. \u015amia\u0142ek, Helion, Gliwice 2005<\/li>\n<li>UML w kropelce, M. Fowler, LTP 2002<\/li>\n<li>UML przewodnik u\u017cytkownika, G. Booch, J. Rumbaugh, I. Jacobson, WNT, Warszawa 2001<\/li>\n<\/ul>\n<p><em>BPMN<\/em><\/p>\n<ul>\n<li>Specyfikacja OMG\u00a0<a href=\"http:\/\/www.bpmn.org\">http:\/\/www.bpmn.org<\/a><\/li>\n<li>Symulacja proces\u00f3w biznesowych, B. Gawin, B. Marcinkowski, Helion, Gliwice 2013<\/li>\n<li>Procesy biznesowe w praktyce, M. Piotrowski, Helion, Gliwice 2014<\/li>\n<\/ul>\n<p>&nbsp;<\/p>\n<p><span style=\"text-decoration: underline;\"><em>Zarz\u0105dzanie projektami<\/em><\/span><\/p>\n<ul>\n<li>Zrozumie\u0107 Agile Project Management, Charles G. Cobb, APN PROMISE, Warszawa 2012<\/li>\n<li>Zarz\u0105dzanie projektami informatycznymi, J. Marasco, Helion 2006<\/li>\n<li>Zarz\u0105dzanie projektami IT, J. Phillips, Helion 2004<\/li>\n<li>Zarz\u0105dzanie projektami ze scrum, R. Pichler, Helion, Gliwice 2014<\/li>\n<li>Kanban, zobacz jak skutecznie zarz\u0105dza\u0107 prac\u0105, M. Hammerberg, J. Sunden, Helion, Gliwice 2015<\/li>\n<\/ul>\n<p>&nbsp;<\/p>\n<p><span style=\"text-decoration: underline;\"><em>Ksi\u0105\u017cki o budowaniu zespo\u0142u<\/em><\/span><\/p>\n<ul>\n<li>Pi\u0119\u0107 dysfunkcji pracy zespo\u0142owej, P. Lencioni, MT Biznes, Warszawa 2011<\/li>\n<li>Przezwyci\u0119\u017canie pi\u0119ciu dysfunkcji pracy zespo\u0142owej, P. Lencioni, MT Biznes 2012<\/li>\n<li>Kolory, Ewa B\u0142aszczak, 4result 2017<\/li>\n<li>Facylitacja\u00a0wiedza, umiej\u0119tno\u015bci, sztuka czy magia? Tony Mann, 2015<\/li>\n<li>Drive, D. Pink, StudioEmka 2009<\/li>\n<li>Getting Things Done, D. Allen, Helion, Gliwice 2001<\/li>\n<li>30 dni do zmian, E. Zaj\u0105c, Helion, Gliwice 2015<\/li>\n<li>P\u0142ytki umys\u0142, N. Carr, Helion, Gliwice 2010<\/li>\n<li>Gdy g\u00f3ra lodowa topnieje, J. Kotter, OnePress, 2013<\/li>\n<\/ul>\n","protected":false},"excerpt":{"rendered":"<p>Poni\u017cej prezentuje wybrane pozycje dotycz\u0105ce scrum, in\u017cynierii wymaga\u0144, UML, BPMN, zarz\u0105dzania projektami i temat\u00f3w og\u00f3lnie zwi\u0105zanych z budowaniem zespo\u0142u. Na blogu sukcesywnie pojawia\u0107 si\u0119 b\u0119d\u0105 recenzje wybranych ksi\u0105\u017cek \ud83d\ude42 Ksi\u0105\u017cki o Scrum (zapraszam do wpisu z recenzj\u0105!) Scrum, o zwinnym<\/p>\n","protected":false},"author":2,"featured_media":0,"parent":0,"menu_order":0,"comment_status":"closed","ping_status":"closed","template":"","meta":[],"_links":{"self":[{"href":"http:\/\/zwinnaanaliza.pl\/index.php?rest_route=\/wp\/v2\/pages\/11"}],"collection":[{"href":"http:\/\/zwinnaanaliza.pl\/index.php?rest_route=\/wp\/v2\/pages"}],"about":[{"href":"http:\/\/zwinnaanaliza.pl\/index.php?rest_route=\/wp\/v2\/types\/page"}],"author":[{"embeddable":true,"href":"http:\/\/zwinnaanaliza.pl\/index.php?rest_route=\/wp\/v2\/users\/2"}],"replies":[{"embeddable":true,"href":"http:\/\/zwinnaanaliza.pl\/index.php?rest_route=%2Fwp%2Fv2%2Fcomments&post=11"}],"version-history":[{"count":11,"href":"http:\/\/zwinnaanaliza.pl\/index.php?rest_route=\/wp\/v2\/pages\/11\/revisions"}],"predecessor-version":[{"id":354,"href":"http:\/\/zwinnaanaliza.pl\/index.php?rest_route=\/wp\/v2\/pages\/11\/revisions\/354"}],"wp:attachment":[{"href":"http:\/\/zwinnaanaliza.pl\/index.php?rest_route=%2Fwp%2Fv2%2Fmedia&parent=11"}],"curies":[{"name":"wp","href":"https:\/\/api.w.org\/{rel}","templated":true}]}}