{"id":14,"date":"2018-03-15T00:55:30","date_gmt":"2018-03-14T22:55:30","guid":{"rendered":"http:\/\/zwinnaanaliza.pl\/?page_id=14"},"modified":"2018-09-14T11:37:43","modified_gmt":"2018-09-14T09:37:43","slug":"kontakt","status":"publish","type":"page","link":"http:\/\/zwinnaanaliza.pl\/?page_id=14","title":{"rendered":"Kontakt"},"content":{"rendered":"<p style=\"text-align: center;\">Zapraszam do kontaktu ze mn\u0105!<\/p>\n<p style=\"text-align: center;\">Je\u015bli masz pytania, co\u015b Ci\u0119 szczeg\u00f3lnie zaintrygowa\u0142o, chcia\u0142by\u015b\/chcia\u0142aby\u015b, \u017cebym poruszy\u0142a jakie\u015b konkretnie zagadnienie lub po prostu chcesz podzieli\u0107 si\u0119 ze mn\u0105 swoj\u0105 opini\u0105 dotycz\u0105c\u0105 bloga &#8211; napisz do mnie!<\/p>\n<p style=\"text-align: center;\">iwona [at] zwinnaanaliza [dot] pl<\/p>\n<p>&nbsp;<\/p>\n<p style=\"text-align: center;\"><em>Zach\u0119cam te\u017c do do\u0142\u0105czenia do spo\u0142eczno\u015bci <a href=\"https:\/\/www.facebook.com\/zwinnaanaliza\/\">Zwinna Analiza<\/a> na Facebook&#8217;u<\/em><\/p>\n<p>&nbsp;<\/p>\n","protected":false},"excerpt":{"rendered":"<p>Zapraszam do kontaktu ze mn\u0105! Je\u015bli masz pytania, co\u015b Ci\u0119 szczeg\u00f3lnie zaintrygowa\u0142o, chcia\u0142by\u015b\/chcia\u0142aby\u015b, \u017cebym poruszy\u0142a jakie\u015b konkretnie zagadnienie lub po prostu chcesz podzieli\u0107 si\u0119 ze mn\u0105 swoj\u0105 opini\u0105 dotycz\u0105c\u0105 bloga &#8211; napisz do mnie! iwona [at] zwinnaanaliza [dot] pl &nbsp;<\/p>\n","protected":false},"author":2,"featured_media":0,"parent":0,"menu_order":0,"comment_status":"closed","ping_status":"closed","template":"page-templates\/contact.php","meta":[],"_links":{"self":[{"href":"http:\/\/zwinnaanaliza.pl\/index.php?rest_route=\/wp\/v2\/pages\/14"}],"collection":[{"href":"http:\/\/zwinnaanaliza.pl\/index.php?rest_route=\/wp\/v2\/pages"}],"about":[{"href":"http:\/\/zwinnaanaliza.pl\/index.php?rest_route=\/wp\/v2\/types\/page"}],"author":[{"embeddable":true,"href":"http:\/\/zwinnaanaliza.pl\/index.php?rest_route=\/wp\/v2\/users\/2"}],"replies":[{"embeddable":true,"href":"http:\/\/zwinnaanaliza.pl\/index.php?rest_route=%2Fwp%2Fv2%2Fcomments&post=14"}],"version-history":[{"count":5,"href":"http:\/\/zwinnaanaliza.pl\/index.php?rest_route=\/wp\/v2\/pages\/14\/revisions"}],"predecessor-version":[{"id":261,"href":"http:\/\/zwinnaanaliza.pl\/index.php?rest_route=\/wp\/v2\/pages\/14\/revisions\/261"}],"wp:attachment":[{"href":"http:\/\/zwinnaanaliza.pl\/index.php?rest_route=%2Fwp%2Fv2%2Fmedia&parent=14"}],"curies":[{"name":"wp","href":"https:\/\/api.w.org\/{rel}","templated":true}]}}