{"id":18,"date":"2018-03-15T00:58:56","date_gmt":"2018-03-14T22:58:56","guid":{"rendered":"http:\/\/zwinnaanaliza.pl\/?page_id=18"},"modified":"2019-06-20T09:44:46","modified_gmt":"2019-06-20T07:44:46","slug":"scrum","status":"publish","type":"page","link":"http:\/\/zwinnaanaliza.pl\/?page_id=18","title":{"rendered":"Scrum"},"content":{"rendered":"<p><a href=\"http:\/\/zwinnaanaliza.pl\/wp-content\/uploads\/2018\/09\/achievement-action-adult-159728-e1537048148913.jpg\"><img loading=\"lazy\" class=\"size-medium wp-image-282 alignleft\" src=\"http:\/\/zwinnaanaliza.pl\/wp-content\/uploads\/2018\/09\/achievement-action-adult-159728-300x200.jpg\" alt=\"\" width=\"300\" height=\"200\" \/><\/a><\/p>\n<p>Scrum &#8211; jedna ze zwinnych metodyk wytwarzania oprogramowania, opracowana przez Kena Schwabera i Jeffa Sutherlanda na pocz\u0105tku lat dziewi\u0119dziesi\u0105tych. Od tego czasu, Scrum zdoby\u0142 ogromn\u0105 popularno\u015b\u0107 i jest jedn\u0105 z najcz\u0119\u015bciej stosowanych zasad stosowanych przy wytwarzaniu oprogramowania. W mi\u0119dzyczasie okaza\u0142o si\u0119, \u017ce scrum mo\u017ce by\u0107 stosowany nie tylko w projektach IT, a u\u017cywany jest nawet w domach do zarz\u0105dzania domowymi obowi\u0105zkami \ud83d\ude42 Scrum okre\u015blany jest jako framework, czyli ramy post\u0119powania, nie jest to zbi\u00f3r sztywnych wytycznych. Wszystkie zasady scrum&#8217;a zosta\u0142y opisane w Scrum Guide (tu: <em>link do polskiej wersji j\u0119zykowej\u00a0<\/em><a href=\"https:\/\/www.scrumguides.org\/docs\/scrumguide\/v2017\/2017-Scrum-Guide-Polish.pdf\"><em>Scrum Guide (pl)<\/em>\u00a0<\/a>).<\/p>\n<p>W wielkim skr\u00f3cie,\u00a0Scrum to:<\/p>\n<ul>\n<li>dostarczanie dzia\u0142aj\u0105cego, przetestowanego oprogramowania po ka\u017cdej iteracji;<\/li>\n<li>kr\u00f3tkie, trwaj\u0105ce 2-6 tygodni iteracje;<\/li>\n<li>dostarczanie tego, czego biznes najbardziej potrzebuje;<\/li>\n<li>ci\u0105g\u0142e udoskonalanie procesu.<\/li>\n<\/ul>\n<p>Ponadto:<\/p>\n<ul>\n<li>Praca w iteracjach.<\/li>\n<li>Wsp\u00f3\u0142odpowiedzialno\u015b\u0107 cz\u0142onk\u00f3w Zespo\u0142u.<\/li>\n<li>Na bie\u017c\u0105co weryfikowane wymagania, szczeg\u00f3\u0142owa analiza najp\u00f3\u017aniej jak si\u0119 da.<\/li>\n<li>Intensywna, bezpo\u015brednia komunikacja.<\/li>\n<li>Lekkie, nieskomplikowane modele i dokumentacje.<\/li>\n<li>Cz\u0119sty kontakt z klientem.<\/li>\n<\/ul>\n<p>Kiedy warto wdro\u017cy\u0107 Scrum?<\/p>\n<ul>\n<li>Gdy dopuszczalne s\u0105 zmiany.<\/li>\n<li>Gdy trzeba szybko reagowa\u0107 na pojawiaj\u0105ce si\u0119 modyfikacje.<\/li>\n<li>Gdy Zesp\u00f3\u0142 jest interdyscyplinarny.<\/li>\n<li>Gdy klient jest \u015bwiadomy produktu i wsp\u00f3\u0142pracuje na etapie jego wytwarzania.<\/li>\n<\/ul>\n<p><a href=\"https:\/\/zwinnaanaliza.pl\/?p=184\">Role w SCRUM &#8211; Zesp\u00f3\u0142 Scrumowy<\/a><\/p>\n<ul>\n<li><a href=\"https:\/\/zwinnaanaliza.pl\/?p=186\">Product Owner<\/a><\/li>\n<li><a href=\"https:\/\/zwinnaanaliza.pl\/?p=182\">Scrum Master<\/a><\/li>\n<li><a href=\"https:\/\/zwinnaanaliza.pl\/?p=188\">Dev Team<\/a><\/li>\n<\/ul>\n<p><a href=\"https:\/\/zwinnaanaliza.pl\/?p=197\">Zdarzenia<\/a><\/p>\n<ul>\n<li><a href=\"https:\/\/zwinnaanaliza.pl\/?p=200\">sprint<\/a><\/li>\n<li><a href=\"https:\/\/zwinnaanaliza.pl\/?p=203\">sprint planning meeting<\/a><\/li>\n<li><a href=\"https:\/\/zwinnaanaliza.pl\/?p=205\">daily scrum<\/a><\/li>\n<li><a href=\"https:\/\/zwinnaanaliza.pl\/?p=207\">sprint review<\/a><\/li>\n<li><a href=\"https:\/\/zwinnaanaliza.pl\/?p=209\">sprint retrospective<\/a><\/li>\n<li><a href=\"https:\/\/zwinnaanaliza.pl\/?p=563\">backlog refinement<\/a><\/li>\n<\/ul>\n<p>Artefakty<\/p>\n<ul>\n<li><a href=\"https:\/\/zwinnaanaliza.pl\/?p=190\">product backlog<\/a><\/li>\n<li><a href=\"https:\/\/zwinnaanaliza.pl\/?p=192\">sprint backlog<\/a><\/li>\n<li>burndown chart<\/li>\n<li><a href=\"https:\/\/zwinnaanaliza.pl\/?p=195\">przyrost<\/a><\/li>\n<li><a href=\"https:\/\/zwinnaanaliza.pl\/?p=603\">definition of done<\/a><\/li>\n<li><a href=\"https:\/\/zwinnaanaliza.pl\/?p=598\">kryterium gotowo\u015bci<\/a><\/li>\n<li>cel sprintu<\/li>\n<li><a href=\"https:\/\/zwinnaanaliza.pl\/?p=586\">task board<\/a><\/li>\n<\/ul>\n","protected":false},"excerpt":{"rendered":"<p>Scrum &#8211; jedna ze zwinnych metodyk wytwarzania oprogramowania, opracowana przez Kena Schwabera i Jeffa Sutherlanda na pocz\u0105tku lat dziewi\u0119dziesi\u0105tych. Od tego czasu, Scrum zdoby\u0142 ogromn\u0105 popularno\u015b\u0107 i jest jedn\u0105 z najcz\u0119\u015bciej stosowanych zasad stosowanych przy wytwarzaniu oprogramowania. W mi\u0119dzyczasie okaza\u0142o<\/p>\n","protected":false},"author":2,"featured_media":0,"parent":0,"menu_order":0,"comment_status":"closed","ping_status":"closed","template":"","meta":[],"_links":{"self":[{"href":"http:\/\/zwinnaanaliza.pl\/index.php?rest_route=\/wp\/v2\/pages\/18"}],"collection":[{"href":"http:\/\/zwinnaanaliza.pl\/index.php?rest_route=\/wp\/v2\/pages"}],"about":[{"href":"http:\/\/zwinnaanaliza.pl\/index.php?rest_route=\/wp\/v2\/types\/page"}],"author":[{"embeddable":true,"href":"http:\/\/zwinnaanaliza.pl\/index.php?rest_route=\/wp\/v2\/users\/2"}],"replies":[{"embeddable":true,"href":"http:\/\/zwinnaanaliza.pl\/index.php?rest_route=%2Fwp%2Fv2%2Fcomments&post=18"}],"version-history":[{"count":24,"href":"http:\/\/zwinnaanaliza.pl\/index.php?rest_route=\/wp\/v2\/pages\/18\/revisions"}],"predecessor-version":[{"id":634,"href":"http:\/\/zwinnaanaliza.pl\/index.php?rest_route=\/wp\/v2\/pages\/18\/revisions\/634"}],"wp:attachment":[{"href":"http:\/\/zwinnaanaliza.pl\/index.php?rest_route=%2Fwp%2Fv2%2Fmedia&parent=18"}],"curies":[{"name":"wp","href":"https:\/\/api.w.org\/{rel}","templated":true}]}}