{"id":20,"date":"2018-03-15T00:58:56","date_gmt":"2018-03-14T22:58:56","guid":{"rendered":"http:\/\/zwinnaanaliza.pl\/?page_id=20"},"modified":"2019-10-16T13:40:28","modified_gmt":"2019-10-16T11:40:28","slug":"uml","status":"publish","type":"page","link":"http:\/\/zwinnaanaliza.pl\/?page_id=20","title":{"rendered":"UML"},"content":{"rendered":"<p>UML (Unified Modeling Language) jest uniwersalnym j\u0119zykiem umo\u017cliwiaj\u0105cym modelowanie system\u00f3w, nale\u017c\u0105cym do OMG. UML sk\u0142ada si\u0119 z wielu diagram\u00f3w, jednak tylko kilka najcz\u0119\u015bciej jest wykorzystywanych w praktycznym modelowaniu. Poniewa\u017c w\u00a0&#8220;internetach&#8221; mo\u017cna znale\u017a\u0107 dziesi\u0105tki stron opisuj\u0105cych ka\u017cdy z diagram\u00f3w UML&#8217;a, nie chc\u0119 powiela\u0107 tre\u015bci z innych \u017ar\u00f3de\u0142. Dlatego skupi\u0119 si\u0119 na tych, kt\u00f3re najcz\u0119\u015bciej przydawa\u0142y mi si\u0119 w praktyce.<\/p>\n<ul>\n<li><a href=\"https:\/\/zwinnaanaliza.pl\/?p=446\">Diagramy Przypadk\u00f3w U\u017cycia<\/a> (zobacz: czym jest Przypadek U\u017cycia?)<\/li>\n<li><a href=\"https:\/\/zwinnaanaliza.pl\/?p=323\">Diagramy aktywno\u015bci<\/a><\/li>\n<li>Diagram klas<\/li>\n<li><a href=\"https:\/\/zwinnaanaliza.pl\/?p=680\">Diagramy sekwencji<\/a><\/li>\n<li><a href=\"https:\/\/zwinnaanaliza.pl\/?p=325\">Diagramy stan\u00f3w (maszyny stanowej)<\/a><\/li>\n<li>Diagramy pakiet\u00f3w<\/li>\n<\/ul>\n<p>Uwierzcie, \u017ce na pocz\u0105tek tyle wystarczy.\u00a0Je\u015bli b\u0119dzie to uzasadnione lub b\u0119dziecie chcieli, b\u0119d\u0119 rozszerza\u0107 opis o kolejne diagramy.<\/p>\n","protected":false},"excerpt":{"rendered":"<p>UML (Unified Modeling Language) jest uniwersalnym j\u0119zykiem umo\u017cliwiaj\u0105cym modelowanie system\u00f3w, nale\u017c\u0105cym do OMG. UML sk\u0142ada si\u0119 z wielu diagram\u00f3w, jednak tylko kilka najcz\u0119\u015bciej jest wykorzystywanych w praktycznym modelowaniu. Poniewa\u017c w\u00a0&#8220;internetach&#8221; mo\u017cna znale\u017a\u0107 dziesi\u0105tki stron opisuj\u0105cych ka\u017cdy z diagram\u00f3w UML&#8217;a, nie<\/p>\n","protected":false},"author":2,"featured_media":0,"parent":0,"menu_order":0,"comment_status":"closed","ping_status":"closed","template":"","meta":[],"_links":{"self":[{"href":"http:\/\/zwinnaanaliza.pl\/index.php?rest_route=\/wp\/v2\/pages\/20"}],"collection":[{"href":"http:\/\/zwinnaanaliza.pl\/index.php?rest_route=\/wp\/v2\/pages"}],"about":[{"href":"http:\/\/zwinnaanaliza.pl\/index.php?rest_route=\/wp\/v2\/types\/page"}],"author":[{"embeddable":true,"href":"http:\/\/zwinnaanaliza.pl\/index.php?rest_route=\/wp\/v2\/users\/2"}],"replies":[{"embeddable":true,"href":"http:\/\/zwinnaanaliza.pl\/index.php?rest_route=%2Fwp%2Fv2%2Fcomments&post=20"}],"version-history":[{"count":9,"href":"http:\/\/zwinnaanaliza.pl\/index.php?rest_route=\/wp\/v2\/pages\/20\/revisions"}],"predecessor-version":[{"id":1526,"href":"http:\/\/zwinnaanaliza.pl\/index.php?rest_route=\/wp\/v2\/pages\/20\/revisions\/1526"}],"wp:attachment":[{"href":"http:\/\/zwinnaanaliza.pl\/index.php?rest_route=%2Fwp%2Fv2%2Fmedia&parent=20"}],"curies":[{"name":"wp","href":"https:\/\/api.w.org\/{rel}","templated":true}]}}